{"id":756,"date":"2022-12-22T22:06:19","date_gmt":"2022-12-22T22:06:19","guid":{"rendered":"https:\/\/clanvisual.cl\/imopac\/?page_id=756"},"modified":"2022-12-22T22:34:01","modified_gmt":"2022-12-22T22:34:01","slug":"politica-sustentabilidad","status":"publish","type":"page","link":"https:\/\/empresa.imopac.cl\/wp\/politica-sustentabilidad\/","title":{"rendered":"Politica Sustentabilidad"},"content":{"rendered":"\t\t<div data-elementor-type=\"wp-page\" data-elementor-id=\"756\" class=\"elementor elementor-756\" data-elementor-post-type=\"page\">\n\t\t\t\t\t\t<section class=\"elementor-section elementor-top-section elementor-element elementor-element-a4d0cda elementor-section-full_width elementor-section-height-default elementor-section-height-default\" data-id=\"a4d0cda\" data-element_type=\"section\" data-settings=\"{&quot;background_background&quot;:&quot;classic&quot;}\">\n\t\t\t\t\t\t<div class=\"elementor-container elementor-column-gap-default\">\n\t\t\t\t\t<div class=\"elementor-column elementor-col-50 elementor-top-column elementor-element elementor-element-fdcd7af\" data-id=\"fdcd7af\" data-element_type=\"column\">\n\t\t\t<div class=\"elementor-widget-wrap elementor-element-populated\">\n\t\t\t\t\t\t<section class=\"elementor-section elementor-inner-section elementor-element elementor-element-1d1d89c elementor-section-boxed elementor-section-height-default elementor-section-height-default\" data-id=\"1d1d89c\" data-element_type=\"section\">\n\t\t\t\t\t\t<div class=\"elementor-container elementor-column-gap-default\">\n\t\t\t\t\t<div class=\"elementor-column elementor-col-50 elementor-inner-column elementor-element elementor-element-8a24026\" data-id=\"8a24026\" data-element_type=\"column\">\n\t\t\t<div class=\"elementor-widget-wrap elementor-element-populated\">\n\t\t\t\t\t\t<div class=\"elementor-element elementor-element-46474ee elementor-widget elementor-widget-image\" data-id=\"46474ee\" data-element_type=\"widget\" data-widget_type=\"image.default\">\n\t\t\t\t\t\t\t\t\t\t\t\t\t\t\t\t<a href=\"https:\/\/clanvisual.cl\/imopac\/wp-content\/uploads\/2022\/11\/manos.png\" data-elementor-open-lightbox=\"yes\" data-elementor-lightbox-title=\"manos\" data-e-action-hash=\"#elementor-action%3Aaction%3Dlightbox%26settings%3DeyJpZCI6NTAxLCJ1cmwiOiJodHRwczpcL1wvZW1wcmVzYS5pbW9wYWMuY2xcL3dwXC93cC1jb250ZW50XC91cGxvYWRzXC8yMDIyXC8xMVwvbWFub3MucG5nIn0%3D\">\n\t\t\t\t\t\t\t<img decoding=\"async\" src=\"https:\/\/empresa.imopac.cl\/wp\/wp-content\/uploads\/2022\/11\/manos.png\" title=\"manos\" alt=\"manos\" loading=\"lazy\" \/>\t\t\t\t\t\t\t\t<\/a>\n\t\t\t\t\t\t\t\t\t\t\t\t\t\t\t<\/div>\n\t\t\t\t\t<\/div>\n\t\t<\/div>\n\t\t\t\t<div class=\"elementor-column elementor-col-50 elementor-inner-column elementor-element elementor-element-c44f5c0\" data-id=\"c44f5c0\" data-element_type=\"column\">\n\t\t\t<div class=\"elementor-widget-wrap elementor-element-populated\">\n\t\t\t\t\t\t<div class=\"elementor-element elementor-element-7f46ec1 elementor-widget elementor-widget-image\" data-id=\"7f46ec1\" data-element_type=\"widget\" data-widget_type=\"image.default\">\n\t\t\t\t\t\t\t\t\t\t\t\t\t\t\t\t<a href=\"https:\/\/clanvisual.cl\/imopac\/wp-content\/uploads\/2022\/11\/VIG3136.jpg\" data-elementor-open-lightbox=\"yes\" data-elementor-lightbox-title=\"_VIG3136\" data-e-action-hash=\"#elementor-action%3Aaction%3Dlightbox%26settings%3DeyJpZCI6MzU4LCJ1cmwiOiJodHRwczpcL1wvZW1wcmVzYS5pbW9wYWMuY2xcL3dwXC93cC1jb250ZW50XC91cGxvYWRzXC8yMDIyXC8xMVwvVklHMzEzNi5qcGcifQ%3D%3D\">\n\t\t\t\t\t\t\t<img decoding=\"async\" src=\"https:\/\/empresa.imopac.cl\/wp\/wp-content\/uploads\/2022\/11\/VIG3136.jpg\" title=\"_VIG3136\" alt=\"_VIG3136\" loading=\"lazy\" \/>\t\t\t\t\t\t\t\t<\/a>\n\t\t\t\t\t\t\t\t\t\t\t\t\t\t\t<\/div>\n\t\t\t\t\t<\/div>\n\t\t<\/div>\n\t\t\t\t\t<\/div>\n\t\t<\/section>\n\t\t\t\t<section class=\"elementor-section elementor-inner-section elementor-element elementor-element-a436163 elementor-section-boxed elementor-section-height-default elementor-section-height-default\" data-id=\"a436163\" data-element_type=\"section\">\n\t\t\t\t\t\t<div class=\"elementor-container elementor-column-gap-default\">\n\t\t\t\t\t<div class=\"elementor-column elementor-col-50 elementor-inner-column elementor-element elementor-element-af5fd88\" data-id=\"af5fd88\" data-element_type=\"column\">\n\t\t\t<div class=\"elementor-widget-wrap\">\n\t\t\t\t\t\t\t<\/div>\n\t\t<\/div>\n\t\t\t\t<div class=\"elementor-column elementor-col-50 elementor-inner-column elementor-element elementor-element-cd9a5c5\" data-id=\"cd9a5c5\" data-element_type=\"column\">\n\t\t\t<div class=\"elementor-widget-wrap\">\n\t\t\t\t\t\t\t<\/div>\n\t\t<\/div>\n\t\t\t\t\t<\/div>\n\t\t<\/section>\n\t\t\t\t<section class=\"elementor-section elementor-inner-section elementor-element elementor-element-c6a5377 elementor-section-boxed elementor-section-height-default elementor-section-height-default\" data-id=\"c6a5377\" data-element_type=\"section\">\n\t\t\t\t\t\t<div class=\"elementor-container elementor-column-gap-default\">\n\t\t\t\t\t<div class=\"elementor-column elementor-col-50 elementor-inner-column elementor-element elementor-element-8b6b303\" data-id=\"8b6b303\" data-element_type=\"column\">\n\t\t\t<div class=\"elementor-widget-wrap\">\n\t\t\t\t\t\t\t<\/div>\n\t\t<\/div>\n\t\t\t\t<div class=\"elementor-column elementor-col-50 elementor-inner-column elementor-element elementor-element-a451a74\" data-id=\"a451a74\" data-element_type=\"column\">\n\t\t\t<div class=\"elementor-widget-wrap\">\n\t\t\t\t\t\t\t<\/div>\n\t\t<\/div>\n\t\t\t\t\t<\/div>\n\t\t<\/section>\n\t\t\t\t<section class=\"elementor-section elementor-inner-section elementor-element elementor-element-0f0b3fe elementor-section-boxed elementor-section-height-default elementor-section-height-default\" data-id=\"0f0b3fe\" data-element_type=\"section\">\n\t\t\t\t\t\t<div class=\"elementor-container elementor-column-gap-default\">\n\t\t\t\t\t<div class=\"elementor-column elementor-col-100 elementor-inner-column elementor-element elementor-element-2ebd58d\" data-id=\"2ebd58d\" data-element_type=\"column\">\n\t\t\t<div class=\"elementor-widget-wrap elementor-element-populated\">\n\t\t\t\t\t\t<div class=\"elementor-element elementor-element-025f404 elementor-widget elementor-widget-image\" data-id=\"025f404\" data-element_type=\"widget\" data-widget_type=\"image.default\">\n\t\t\t\t\t\t\t\t\t\t\t\t\t\t\t\t<a href=\"https:\/\/clanvisual.cl\/imopac\/wp-content\/uploads\/2022\/11\/grupo_imopac.jpg\" data-elementor-open-lightbox=\"yes\" data-elementor-lightbox-title=\"grupo_imopac\" data-e-action-hash=\"#elementor-action%3Aaction%3Dlightbox%26settings%3DeyJpZCI6MzE3LCJ1cmwiOiJodHRwczpcL1wvZW1wcmVzYS5pbW9wYWMuY2xcL3dwXC93cC1jb250ZW50XC91cGxvYWRzXC8yMDIyXC8xMVwvZ3J1cG9faW1vcGFjLmpwZyJ9\">\n\t\t\t\t\t\t\t<img decoding=\"async\" src=\"https:\/\/empresa.imopac.cl\/wp\/wp-content\/uploads\/2022\/11\/grupo_imopac.jpg\" title=\"grupo_imopac\" alt=\"grupo_imopac\" loading=\"lazy\" \/>\t\t\t\t\t\t\t\t<\/a>\n\t\t\t\t\t\t\t\t\t\t\t\t\t\t\t<\/div>\n\t\t\t\t\t<\/div>\n\t\t<\/div>\n\t\t\t\t\t<\/div>\n\t\t<\/section>\n\t\t\t\t\t<\/div>\n\t\t<\/div>\n\t\t\t\t<div class=\"elementor-column elementor-col-50 elementor-top-column elementor-element elementor-element-8286188\" data-id=\"8286188\" data-element_type=\"column\">\n\t\t\t<div class=\"elementor-widget-wrap elementor-element-populated\">\n\t\t\t\t\t\t<div class=\"elementor-element elementor-element-2235b8a elementor-widget elementor-widget-heading\" data-id=\"2235b8a\" data-element_type=\"widget\" data-widget_type=\"heading.default\">\n\t\t\t\t\t<h3 class=\"elementor-heading-title elementor-size-default\">Nuestra Pol\u00edtica<\/h3>\t\t\t\t<\/div>\n\t\t\t\t<div class=\"elementor-element elementor-element-5d5b63a elementor-widget elementor-widget-text-editor\" data-id=\"5d5b63a\" data-element_type=\"widget\" data-widget_type=\"text-editor.default\">\n\t\t\t\t\t\t\t\t\t<div style=\"font-size: 14px;\" align=\"justify\">Sociedad de Ingenier\u00eda y Movimientos de Tierra del Pac\u00edfico, IMOPAC Ltda., somos conscientes\ndel impacto que nuestras actividades pueden tener sobre el medio ambiente, las condiciones de vida, el desarrollo econ\u00f3mico &#8211; social y el bienestar de las comunidades cercanas, as\u00ed como la importancia de generar valor compartido en los entornos en los que proveemos nuestros servicios, para lo cual adherimos a los siguientes Objetivos de Desarrollo Sostenible, ODS de Naciones Unidas.ODS 3 Salud y bienestar: Acrecentar nuestros esfuerzos dentro de la seguridad operacional, bienestar y salud para alcanzar la meta de cero da\u00f1os.\n<br><br>\nODS 5 Igualdad de g\u00e9nero: Aumentar los niveles de participaci\u00f3n de mujeres, sectores minoritarios y vulnerables de la poblaci\u00f3n.\n<br><br>\nODS 8 Trabajo decente y crecimiento econ\u00f3mico: Mejorar la oferta de programas de desarrollo profesional, oportunidades laborales para j\u00f3venes y generar programas de apoyo, incentivo y acompa\u00f1amiento para el desarrollo local en las comunidades donde operamos.\n<br><br>\nODS 13 Acci\u00f3n por el clima: Medir y gestionar la huella de carbono para trazar objetivos de reducci\u00f3n y compensaci\u00f3n alineados al objetivo nacional.\n<br><br>\nODS 4 Educaci\u00f3n de calidad: Ampliar apoyo educacional hacia colegios t\u00e9cnicos, institutos y alianzas con universidades para reclutar futuros profesionales.\n<br><br>\nODS 7 Energ\u00eda accesible y no contaminante: Garantizar el acceso a esta energ\u00eda a la compa\u00f1\u00eda y establecer alianzas con clientes y proveedores que la incluyan en sus operaciones.\n<br><br>\nODS 9 Industria, innovaci\u00f3n e infraestructura: Tener una participaci\u00f3n activa en el desarrollo de una infraestructura que apoye un pa\u00eds y un mundo m\u00e1s sustentable.\n<br><br>\nODS 16 Paz, justicia e instituciones s\u00f3lidas: Continuar fortaleciendo las estructuras de control y transparencia extendiendo este compromiso y refuerzo hacia la cadena de suministros.\n<br><br>\nIMOPAC declara estos principios como pilares fundamentales que aseguren una contribuci\u00f3n real y eficaz en la gesti\u00f3n social, comunitaria, ambiental y econ\u00f3mica; reconociendo nuestra responsabilidad con los grupos de inter\u00e9s y el entorno en el que desarrollamos nuestras actividades.\n\n<\/div>\t\t\t\t\t\t\t\t<\/div>\n\t\t\t\t\t<\/div>\n\t\t<\/div>\n\t\t\t\t\t<\/div>\n\t\t<\/section>\n\t\t\t\t<\/div>\n\t\t","protected":false},"excerpt":{"rendered":"<p>Nuestra Pol\u00edtica Sociedad de Ingenier\u00eda y Movimientos de Tierra del Pac\u00edfico, IMOPAC Ltda., somos conscientes del impacto que nuestras actividades pueden tener sobre el medio ambiente,<span class=\"excerpt-hellip\"> [\u2026]<\/span><\/p>\n","protected":false},"author":2,"featured_media":0,"parent":0,"menu_order":0,"comment_status":"closed","ping_status":"closed","template":"","meta":{"footnotes":""},"class_list":["post-756","page","type-page","status-publish","hentry"],"_links":{"self":[{"href":"https:\/\/empresa.imopac.cl\/wp\/wp-json\/wp\/v2\/pages\/756","targetHints":{"allow":["GET"]}}],"collection":[{"href":"https:\/\/empresa.imopac.cl\/wp\/wp-json\/wp\/v2\/pages"}],"about":[{"href":"https:\/\/empresa.imopac.cl\/wp\/wp-json\/wp\/v2\/types\/page"}],"author":[{"embeddable":true,"href":"https:\/\/empresa.imopac.cl\/wp\/wp-json\/wp\/v2\/users\/2"}],"replies":[{"embeddable":true,"href":"https:\/\/empresa.imopac.cl\/wp\/wp-json\/wp\/v2\/comments?post=756"}],"version-history":[{"count":9,"href":"https:\/\/empresa.imopac.cl\/wp\/wp-json\/wp\/v2\/pages\/756\/revisions"}],"predecessor-version":[{"id":768,"href":"https:\/\/empresa.imopac.cl\/wp\/wp-json\/wp\/v2\/pages\/756\/revisions\/768"}],"wp:attachment":[{"href":"https:\/\/empresa.imopac.cl\/wp\/wp-json\/wp\/v2\/media?parent=756"}],"curies":[{"name":"wp","href":"https:\/\/api.w.org\/{rel}","templated":true}]}}