{"id":1952,"date":"2025-02-13T13:07:25","date_gmt":"2025-02-13T13:07:25","guid":{"rendered":"https:\/\/empresa.imopac.cl\/wp\/?page_id=1952"},"modified":"2025-02-13T14:01:21","modified_gmt":"2025-02-13T14:01:21","slug":"politica-inclusion","status":"publish","type":"page","link":"https:\/\/empresa.imopac.cl\/wp\/politica-inclusion\/","title":{"rendered":"Politica Inclusion"},"content":{"rendered":"\t\t<div data-elementor-type=\"wp-page\" data-elementor-id=\"1952\" class=\"elementor elementor-1952\" data-elementor-post-type=\"page\">\n\t\t\t\t\t\t<section class=\"elementor-section elementor-top-section elementor-element elementor-element-e328aad elementor-section-boxed elementor-section-height-default elementor-section-height-default\" data-id=\"e328aad\" data-element_type=\"section\">\n\t\t\t\t\t\t<div class=\"elementor-container elementor-column-gap-default\">\n\t\t\t\t\t<div class=\"elementor-column elementor-col-50 elementor-top-column elementor-element elementor-element-ac8d5a9\" data-id=\"ac8d5a9\" data-element_type=\"column\">\n\t\t\t<div class=\"elementor-widget-wrap elementor-element-populated\">\n\t\t\t\t\t\t<div class=\"elementor-element elementor-element-5726164 elementor-widget elementor-widget-spacer\" data-id=\"5726164\" data-element_type=\"widget\" data-widget_type=\"spacer.default\">\n\t\t\t\t\t\t\t<div class=\"elementor-spacer\">\n\t\t\t<div class=\"elementor-spacer-inner\"><\/div>\n\t\t<\/div>\n\t\t\t\t\t\t<\/div>\n\t\t\t\t<div class=\"elementor-element elementor-element-8f4b43a elementor-widget__width-initial elementor-widget elementor-widget-text-editor\" data-id=\"8f4b43a\" data-element_type=\"widget\" data-widget_type=\"text-editor.default\">\n\t\t\t\t\t\t\t\t\t<div style=\"font-size: 16px;\" align=\"justify\">\n<p>En IMOPAC la igualdad, diversidad e inclusi\u00f3n son parte de nuestra cultura corporativa, que en base al principio del respeto por la dignidad inherente al ser humano y su autonom\u00eda, promueve la pr\u00e1ctica de la amabilidad, el reconocimiento e igualdad de derechos sin discriminaci\u00f3n arbitraria por g\u00e9nero, edad, religi\u00f3n, discapacidad, color de piel, orientaci\u00f3n sexual, afiliaci\u00f3n sindical, nacionalidad u otra condici\u00f3n; y fomenta una cultura organizacional incluyente de meritocracia, que ofrece oportunidades laborales equitativas en bs procesos de selecci\u00f3n e incorporaci\u00f3n, en las condiciones de trabajo, seguridad social, desarrollo y crecimiento de los colaboradores sobre la base de su talento, dedicaci\u00f3n, desempe\u00f1o y logro de objetivos.<\/p>\n<\/div>\n<p>IMOPAC potencia la sensibilizaci\u00f3n y concientizaci\u00f3n en temas de diversidad y trato inclusivo como parte de la cultura interna, a trav\u00e9s de la planificaci\u00f3n anual de actividades de formaci\u00f3n y gesti\u00f3n de las habilidades relacionales y comunicacionales para todos los equipos de trabajo, con el fin de crear un ambiente laboral seguro, donde las personas conf\u00eden en sus cualidades y capacidades, y logren comunicar sus puntos de vista sinti\u00e9ndose escuchados, valorados y respetados. Como empresa promovemos en nuestros colaboradores el compromiso, la empat\u00eda, la tolerancia, el trabajo colaborativo, desde las diversas experiencias, convicciones y formas de pensar, a trav\u00e9s del acompa\u00f1amiento, guiados en base a lo establecido por la normativa legal vigente.<\/p>\n<p>Es responsabilidad de IMOPAC y todos sus colaboradores, respetar los lineamientos contenidos en esta Pol\u00edtica, contribuyendo en la eliminaci\u00f3n de barreras sociales, culturales y f\u00edsicas, impulsando un ambiente inclusivo y sin discriminaci\u00f3n en los equipos de trabajo, evitando cualquier conducta o situaci\u00f3n de acoso, abuso de autoridad, ofensa u otra forma de agresividad y hostilidad que atente la integridad de cada una de las personas, sean estas internas o externas a nuestra Organizaci\u00f3n.<\/p>\n<p>Desde la Gerencia de Personas, el(la) Experto(a) en inclusi\u00f3n Laboral es responsable de implementar, promover y acompa\u00f1ar toda actividad inherente a nuestra pol\u00edtica de igualdad, Diversidad e inclusi\u00f3n Corporativa.<\/p>\t\t\t\t\t\t\t\t<\/div>\n\t\t\t\t\t<\/div>\n\t\t<\/div>\n\t\t\t\t<div class=\"elementor-column elementor-col-50 elementor-top-column elementor-element elementor-element-47aa58c\" data-id=\"47aa58c\" data-element_type=\"column\">\n\t\t\t<div class=\"elementor-widget-wrap elementor-element-populated\">\n\t\t\t\t\t\t<section class=\"elementor-section elementor-inner-section elementor-element elementor-element-012c291 elementor-section-boxed elementor-section-height-default elementor-section-height-default\" data-id=\"012c291\" data-element_type=\"section\">\n\t\t\t\t\t\t<div class=\"elementor-container elementor-column-gap-default\">\n\t\t\t\t\t<div class=\"elementor-column elementor-col-50 elementor-inner-column elementor-element elementor-element-6451311\" data-id=\"6451311\" data-element_type=\"column\">\n\t\t\t<div class=\"elementor-widget-wrap\">\n\t\t\t\t\t\t\t<\/div>\n\t\t<\/div>\n\t\t\t\t<div class=\"elementor-column elementor-col-50 elementor-inner-column elementor-element elementor-element-32a1d27\" data-id=\"32a1d27\" data-element_type=\"column\">\n\t\t\t<div class=\"elementor-widget-wrap\">\n\t\t\t\t\t\t\t<\/div>\n\t\t<\/div>\n\t\t\t\t\t<\/div>\n\t\t<\/section>\n\t\t\t\t<div class=\"elementor-element elementor-element-8c6e3c4 elementor-widget elementor-widget-spacer\" data-id=\"8c6e3c4\" data-element_type=\"widget\" data-widget_type=\"spacer.default\">\n\t\t\t\t\t\t\t<div class=\"elementor-spacer\">\n\t\t\t<div class=\"elementor-spacer-inner\"><\/div>\n\t\t<\/div>\n\t\t\t\t\t\t<\/div>\n\t\t\t\t<div class=\"elementor-element elementor-element-3dbd5db animated-slow elementor-invisible elementor-widget elementor-widget-image\" data-id=\"3dbd5db\" data-element_type=\"widget\" data-settings=\"{&quot;_animation&quot;:&quot;fadeInRight&quot;,&quot;_animation_delay&quot;:1500}\" data-widget_type=\"image.default\">\n\t\t\t\t\t\t\t\t\t\t\t\t\t\t\t<img fetchpriority=\"high\" decoding=\"async\" width=\"1024\" height=\"683\" src=\"https:\/\/empresa.imopac.cl\/wp\/wp-content\/uploads\/2025\/02\/Imopac-666-1024x683.jpg\" class=\"attachment-large size-large wp-image-1636\" alt=\"\" srcset=\"https:\/\/empresa.imopac.cl\/wp\/wp-content\/uploads\/2025\/02\/Imopac-666-1024x683.jpg 1024w, https:\/\/empresa.imopac.cl\/wp\/wp-content\/uploads\/2025\/02\/Imopac-666-300x200.jpg 300w, https:\/\/empresa.imopac.cl\/wp\/wp-content\/uploads\/2025\/02\/Imopac-666-768x512.jpg 768w, https:\/\/empresa.imopac.cl\/wp\/wp-content\/uploads\/2025\/02\/Imopac-666-1536x1024.jpg 1536w, https:\/\/empresa.imopac.cl\/wp\/wp-content\/uploads\/2025\/02\/Imopac-666-2048x1365.jpg 2048w, https:\/\/empresa.imopac.cl\/wp\/wp-content\/uploads\/2025\/02\/Imopac-666-219x146.jpg 219w, https:\/\/empresa.imopac.cl\/wp\/wp-content\/uploads\/2025\/02\/Imopac-666-50x33.jpg 50w, https:\/\/empresa.imopac.cl\/wp\/wp-content\/uploads\/2025\/02\/Imopac-666-113x75.jpg 113w\" sizes=\"(max-width: 1024px) 100vw, 1024px\" \/>\t\t\t\t\t\t\t\t\t\t\t\t\t\t\t<\/div>\n\t\t\t\t<div class=\"elementor-element elementor-element-e12a177 animated-slow elementor-invisible elementor-widget elementor-widget-image\" data-id=\"e12a177\" data-element_type=\"widget\" data-settings=\"{&quot;_animation&quot;:&quot;fadeInRight&quot;,&quot;_animation_delay&quot;:1500}\" data-widget_type=\"image.default\">\n\t\t\t\t\t\t\t\t\t\t\t\t\t\t\t<img decoding=\"async\" width=\"1024\" height=\"683\" src=\"https:\/\/empresa.imopac.cl\/wp\/wp-content\/uploads\/2025\/02\/Imopac-799-1-1024x683.jpg\" class=\"attachment-large size-large wp-image-1790\" alt=\"\" srcset=\"https:\/\/empresa.imopac.cl\/wp\/wp-content\/uploads\/2025\/02\/Imopac-799-1-1024x683.jpg 1024w, https:\/\/empresa.imopac.cl\/wp\/wp-content\/uploads\/2025\/02\/Imopac-799-1-300x200.jpg 300w, https:\/\/empresa.imopac.cl\/wp\/wp-content\/uploads\/2025\/02\/Imopac-799-1-768x512.jpg 768w, https:\/\/empresa.imopac.cl\/wp\/wp-content\/uploads\/2025\/02\/Imopac-799-1-1536x1024.jpg 1536w, https:\/\/empresa.imopac.cl\/wp\/wp-content\/uploads\/2025\/02\/Imopac-799-1-2048x1365.jpg 2048w, https:\/\/empresa.imopac.cl\/wp\/wp-content\/uploads\/2025\/02\/Imopac-799-1-219x146.jpg 219w, https:\/\/empresa.imopac.cl\/wp\/wp-content\/uploads\/2025\/02\/Imopac-799-1-50x33.jpg 50w, https:\/\/empresa.imopac.cl\/wp\/wp-content\/uploads\/2025\/02\/Imopac-799-1-113x75.jpg 113w\" sizes=\"(max-width: 1024px) 100vw, 1024px\" \/>\t\t\t\t\t\t\t\t\t\t\t\t\t\t\t<\/div>\n\t\t\t\t<div class=\"elementor-element elementor-element-ad6b0d1 animated-slow elementor-invisible elementor-widget elementor-widget-image\" data-id=\"ad6b0d1\" data-element_type=\"widget\" data-settings=\"{&quot;_animation&quot;:&quot;fadeInRight&quot;,&quot;_animation_delay&quot;:1500}\" data-widget_type=\"image.default\">\n\t\t\t\t\t\t\t\t\t\t\t\t\t\t\t<img decoding=\"async\" width=\"1024\" height=\"683\" src=\"https:\/\/empresa.imopac.cl\/wp\/wp-content\/uploads\/2025\/02\/Imopac-751-1024x683.jpg\" class=\"attachment-large size-large wp-image-1761\" alt=\"\" srcset=\"https:\/\/empresa.imopac.cl\/wp\/wp-content\/uploads\/2025\/02\/Imopac-751-1024x683.jpg 1024w, https:\/\/empresa.imopac.cl\/wp\/wp-content\/uploads\/2025\/02\/Imopac-751-300x200.jpg 300w, https:\/\/empresa.imopac.cl\/wp\/wp-content\/uploads\/2025\/02\/Imopac-751-768x512.jpg 768w, https:\/\/empresa.imopac.cl\/wp\/wp-content\/uploads\/2025\/02\/Imopac-751-1536x1024.jpg 1536w, https:\/\/empresa.imopac.cl\/wp\/wp-content\/uploads\/2025\/02\/Imopac-751-2048x1365.jpg 2048w, https:\/\/empresa.imopac.cl\/wp\/wp-content\/uploads\/2025\/02\/Imopac-751-219x146.jpg 219w, https:\/\/empresa.imopac.cl\/wp\/wp-content\/uploads\/2025\/02\/Imopac-751-50x33.jpg 50w, https:\/\/empresa.imopac.cl\/wp\/wp-content\/uploads\/2025\/02\/Imopac-751-113x75.jpg 113w\" sizes=\"(max-width: 1024px) 100vw, 1024px\" \/>\t\t\t\t\t\t\t\t\t\t\t\t\t\t\t<\/div>\n\t\t\t\t\t<\/div>\n\t\t<\/div>\n\t\t\t\t\t<\/div>\n\t\t<\/section>\n\t\t\t\t<section class=\"elementor-section elementor-top-section elementor-element elementor-element-a4d0cda elementor-section-full_width elementor-section-height-default elementor-section-height-default\" data-id=\"a4d0cda\" data-element_type=\"section\" data-settings=\"{&quot;background_background&quot;:&quot;classic&quot;}\">\n\t\t\t\t\t\t<div class=\"elementor-container elementor-column-gap-default\">\n\t\t\t\t\t<div class=\"elementor-column elementor-col-50 elementor-top-column elementor-element elementor-element-fdcd7af\" data-id=\"fdcd7af\" data-element_type=\"column\">\n\t\t\t<div class=\"elementor-widget-wrap elementor-element-populated\">\n\t\t\t\t\t\t<section class=\"elementor-section elementor-inner-section elementor-element elementor-element-0f0b3fe elementor-section-boxed elementor-section-height-default elementor-section-height-default\" data-id=\"0f0b3fe\" data-element_type=\"section\">\n\t\t\t\t\t\t<div class=\"elementor-container elementor-column-gap-default\">\n\t\t\t\t\t<div class=\"elementor-column elementor-col-100 elementor-inner-column elementor-element elementor-element-2ebd58d\" data-id=\"2ebd58d\" data-element_type=\"column\">\n\t\t\t<div class=\"elementor-widget-wrap elementor-element-populated\">\n\t\t\t\t\t\t<div class=\"elementor-element elementor-element-025f404 elementor-widget elementor-widget-image\" data-id=\"025f404\" data-element_type=\"widget\" data-widget_type=\"image.default\">\n\t\t\t\t\t\t\t\t\t\t\t\t\t\t\t\t<a href=\"https:\/\/empresa.imopac.cl\/wp\/wp-content\/uploads\/2025\/02\/Imopac-883-scaled.jpg\" data-elementor-open-lightbox=\"yes\" data-elementor-lightbox-title=\"Imopac-883\" data-e-action-hash=\"#elementor-action%3Aaction%3Dlightbox%26settings%3DeyJpZCI6MTczOCwidXJsIjoiaHR0cHM6XC9cL2VtcHJlc2EuaW1vcGFjLmNsXC93cFwvd3AtY29udGVudFwvdXBsb2Fkc1wvMjAyNVwvMDJcL0ltb3BhYy04ODMtc2NhbGVkLmpwZyJ9\">\n\t\t\t\t\t\t\t<img decoding=\"async\" src=\"https:\/\/empresa.imopac.cl\/wp\/wp-content\/uploads\/2025\/02\/Imopac-883-scaled.jpg\" title=\"Imopac-883\" alt=\"Imopac-883\" loading=\"lazy\" \/>\t\t\t\t\t\t\t\t<\/a>\n\t\t\t\t\t\t\t\t\t\t\t\t\t\t\t<\/div>\n\t\t\t\t<div class=\"elementor-element elementor-element-0a7e19c elementor-widget elementor-widget-image\" data-id=\"0a7e19c\" data-element_type=\"widget\" data-widget_type=\"image.default\">\n\t\t\t\t\t\t\t\t\t\t\t\t\t\t\t\t<a href=\"https:\/\/empresa.imopac.cl\/wp\/wp-content\/uploads\/2024\/04\/SGI_8.jpeg\" data-elementor-open-lightbox=\"yes\" data-elementor-lightbox-title=\"SGI_8\" data-e-action-hash=\"#elementor-action%3Aaction%3Dlightbox%26settings%3DeyJpZCI6MTAxMCwidXJsIjoiaHR0cHM6XC9cL2VtcHJlc2EuaW1vcGFjLmNsXC93cFwvd3AtY29udGVudFwvdXBsb2Fkc1wvMjAyNFwvMDRcL1NHSV84LmpwZWcifQ%3D%3D\">\n\t\t\t\t\t\t\t<img decoding=\"async\" src=\"https:\/\/empresa.imopac.cl\/wp\/wp-content\/uploads\/2024\/04\/SGI_8.jpeg\" title=\"SGI_8\" alt=\"SGI_8\" loading=\"lazy\" \/>\t\t\t\t\t\t\t\t<\/a>\n\t\t\t\t\t\t\t\t\t\t\t\t\t\t\t<\/div>\n\t\t\t\t<div class=\"elementor-element elementor-element-3e2795f elementor-widget elementor-widget-image\" data-id=\"3e2795f\" data-element_type=\"widget\" data-widget_type=\"image.default\">\n\t\t\t\t\t\t\t\t\t\t\t\t\t\t\t\t<a href=\"https:\/\/empresa.imopac.cl\/wp\/wp-content\/uploads\/2025\/02\/Imopac-699-scaled.jpg\" data-elementor-open-lightbox=\"yes\" data-elementor-lightbox-title=\"Imopac-699\" data-e-action-hash=\"#elementor-action%3Aaction%3Dlightbox%26settings%3DeyJpZCI6MTY1MywidXJsIjoiaHR0cHM6XC9cL2VtcHJlc2EuaW1vcGFjLmNsXC93cFwvd3AtY29udGVudFwvdXBsb2Fkc1wvMjAyNVwvMDJcL0ltb3BhYy02OTktc2NhbGVkLmpwZyJ9\">\n\t\t\t\t\t\t\t<img decoding=\"async\" src=\"https:\/\/empresa.imopac.cl\/wp\/wp-content\/uploads\/2025\/02\/Imopac-699-scaled.jpg\" title=\"Imopac-699\" alt=\"Imopac-699\" loading=\"lazy\" \/>\t\t\t\t\t\t\t\t<\/a>\n\t\t\t\t\t\t\t\t\t\t\t\t\t\t\t<\/div>\n\t\t\t\t<div class=\"elementor-element elementor-element-068effb elementor-widget elementor-widget-image\" data-id=\"068effb\" data-element_type=\"widget\" data-widget_type=\"image.default\">\n\t\t\t\t\t\t\t\t\t\t\t\t\t\t\t\t<a href=\"https:\/\/empresa.imopac.cl\/wp\/wp-content\/uploads\/2022\/11\/fondo_web_slide-03.jpg\" data-elementor-open-lightbox=\"yes\" data-elementor-lightbox-title=\"fondo_web_slide-03\" data-e-action-hash=\"#elementor-action%3Aaction%3Dlightbox%26settings%3DeyJpZCI6MTEwLCJ1cmwiOiJodHRwczpcL1wvZW1wcmVzYS5pbW9wYWMuY2xcL3dwXC93cC1jb250ZW50XC91cGxvYWRzXC8yMDIyXC8xMVwvZm9uZG9fd2ViX3NsaWRlLTAzLmpwZyJ9\">\n\t\t\t\t\t\t\t<img decoding=\"async\" src=\"https:\/\/empresa.imopac.cl\/wp\/wp-content\/uploads\/2022\/11\/fondo_web_slide-03.jpg\" title=\"fondo_web_slide-03\" alt=\"fondo_web_slide-03\" loading=\"lazy\" \/>\t\t\t\t\t\t\t\t<\/a>\n\t\t\t\t\t\t\t\t\t\t\t\t\t\t\t<\/div>\n\t\t\t\t\t<\/div>\n\t\t<\/div>\n\t\t\t\t\t<\/div>\n\t\t<\/section>\n\t\t\t\t\t<\/div>\n\t\t<\/div>\n\t\t\t\t<div class=\"elementor-column elementor-col-50 elementor-top-column elementor-element elementor-element-8286188\" data-id=\"8286188\" data-element_type=\"column\">\n\t\t\t<div class=\"elementor-widget-wrap elementor-element-populated\">\n\t\t\t\t\t\t<div class=\"elementor-element elementor-element-5d5b63a elementor-widget__width-initial elementor-widget elementor-widget-text-editor\" data-id=\"5d5b63a\" data-element_type=\"widget\" data-widget_type=\"text-editor.default\">\n\t\t\t\t\t\t\t\t\t<p><strong>Reclutamiento y Selecci\u00f3n Inclusivo.<\/strong><\/p><p>Para garantizar condiciones de accesibilidad a los postulantes, se publicar\u00e1n avisos de b\u00fasqueda de personal a trav\u00e9s de portales de trabajo, como la BNE, bajo las instrucciones dadas en la normativa de la Ley 21.015 y 21.690.<\/p><p>El proceso de selecci\u00f3n se realizar\u00e1 en igualdad de condiciones de m\u00e9ritos a personas en situaci\u00f3n de discapacidad y\/o asignatarios de una pensi\u00f3n por invalidez de cualquier r\u00e9gimen previsional.<\/p><p>Se realizan los ajustes razonables de acuerdo con la solicitud del postulante y sus caracter\u00edsticas, garantizando la accesibilidad en el proceso de selecci\u00f3n para el puesto de trabajo al cual postula.<\/p><p>Capacitar a la Gerencia de Personas en torno a la Ley 21.015,21.690 y 21.275, como tambi\u00e9n en temas que faciliten y\/o gu\u00eden respecto al trato de una Persona en situaci\u00f3n de Discapacidad y realizar acciones de inclusi\u00f3n en el marco de la normativa vigente.<\/p><p><strong>Desarrollo Profesional y Capacitaci\u00f3n.<\/strong><\/p><p>Se ofrecen programas de capacitaci\u00f3n y desarrollo abiertos a todos los colaboradores a trav\u00e9s de Plan de Capacitaci\u00f3n Anual. Se promueve el mentoring y acompa\u00f1amiento para impulsar el desarrollo de talentos diversos.<\/p><p>Gestionar procesos particulares de inducci\u00f3n, planes de emergencia y evacuaci\u00f3n para las personas en situaci\u00f3n de discapacidad y\/o asignatarias de pensi\u00f3n de invalidez que se contraten, seg\u00fan el tipo de discapacidad.<\/p><p><strong>Ambiente Laboral.<\/strong><\/p><ul><li>Fomentar una cultura de respeto y tolerancia a trav\u00e9s de talleres y capacitaciones.<\/li><li>Crear espacios de di\u00e1logo y escucha activa para abordar temas relacionados con la diversidad.<\/li><li>Implementar canales de denuncia confidencial para casos de discriminaci\u00f3n.<\/li><\/ul>\t\t\t\t\t\t\t\t<\/div>\n\t\t\t\t\t<\/div>\n\t\t<\/div>\n\t\t\t\t\t<\/div>\n\t\t<\/section>\n\t\t\t\t<section class=\"elementor-section elementor-top-section elementor-element elementor-element-6c03093 elementor-section-boxed elementor-section-height-default elementor-section-height-default\" data-id=\"6c03093\" data-element_type=\"section\">\n\t\t\t\t\t\t<div class=\"elementor-container elementor-column-gap-default\">\n\t\t\t\t\t<div class=\"elementor-column elementor-col-100 elementor-top-column elementor-element elementor-element-d5e71e4\" data-id=\"d5e71e4\" data-element_type=\"column\">\n\t\t\t<div class=\"elementor-widget-wrap elementor-element-populated\">\n\t\t\t\t\t\t<div class=\"elementor-element elementor-element-99bb376 elementor-widget elementor-widget-text-editor\" data-id=\"99bb376\" data-element_type=\"widget\" data-widget_type=\"text-editor.default\">\n\t\t\t\t\t\t\t\t\t<p><strong>Marco Jur\u00eddico<\/strong><\/p><p>La Persona en situaci\u00f3n de discapacidad contratada, en el caso de sentirse discriminado(a), podr\u00e1 realizar su denuncia a la Gerencia de Personas, seg\u00fan lo establece nuestro Reglamento interno de Orden, Higiene y Seguridad.<\/p><p>A su vez, con el fin de proteger la vulneraci\u00f3n de los derechos de una persona en situaci\u00f3n de discapacidad, la empresa pone a disposici\u00f3n el canal de denuncias denuncias@imopac.cl, ubicado dentro la p\u00e1gina web www.imopac.cl, en \u00e9l se garantiza el resguardo de la confidencialidad y\/o acceso de forma an\u00f3nima al momento de enviar la denuncia y\/o reclamo.<\/p><p>&#8211; La Ley N 20.422 que establece normas sobre igualdad de Oportunidades e Inclusi\u00f3n Social de las personas con discapacidad.<\/p><p>&#8211; La Convenci\u00f3n internacional sobre los Derechos de las Personas con Discapacidad, de las Naciones Unidas.<\/p><p>&#8211; El Decreto N 4710 que reglamenta la Ley N\u00bb20.422 y que regula la calificaci\u00f3n y la certificaci\u00f3n de la discapacidad.<\/p><p>&#8211; La Ley N 21.015 que incentiva la inclusi\u00f3n de personas con discapacidad al mundo del trabajo.<\/p><p>&#8211; La Ley N 21.690 que establece modificaciones a la Ley 21.015.<\/p><p>&#8211; La Ley N 27.275 que establece medidas para facilitar [a inclusi\u00f3n laboral de personas con discapacidad a trav\u00e9s de un Gestor(a) de inclusi\u00f3n Laboral, acreditado por ChileValora<\/p><p><strong>Dise\u00f1o y Accesibilidad Universal<\/strong><\/p><p>Accesibilidad Universal: La condici\u00f3n que deben cumplir los entornos, procesos, bienes, productos y servicios, as\u00ed como los objetos o instrumentos, herramientas y dispositivos, para ser comprensibles, utilizables y practicables por todas las personas, en condiciones de seguridad y comodidad, de la forma m\u00e1s aut\u00f3noma y natural posible.<\/p><p><strong>Ajustes Razonables:<\/strong> \u201cCon el fin de garantizar el derecho a la igualdad de oportunidades de las personas en situaci\u00f3n de discapacidad, el Estado establecer\u00e1 medidas contra la discriminaci\u00f3n, las que consistir\u00e1n en exigencias de accesibilidad, realizaci\u00f3n de ajustes necesarios y prevenci\u00f3n de conductas de acoso\u00bb<\/p><p><em>\u00abLos ajustes necesarios son las medidas de adecuaci\u00f3n del ambiente f\u00edsico, social y de actitud a las carencias espec\u00edficas de las personas en situaci\u00f3n de discapacidad que, de forma eficaz y pr\u00e1ctica y sin que suponga una carga desproporcionada, faciliten la accesibilidad o participaci\u00f3n de una persona en situaci\u00f3n de discapacidad en igualdad de condiciones que el resto de los ciudadanos.\u00bb<\/em><\/p><p>Ministerio de Planificaci\u00f3n, de Santiago de Chile, Establece con la Ley 20.422 {2O10), Normas sobre igualdad de oportunidades e inclusi\u00f3n social de personas con discapacidad.<\/p>\t\t\t\t\t\t\t\t<\/div>\n\t\t\t\t<div class=\"elementor-element elementor-element-5184b6c elementor-arrows-position-inside elementor-pagination-position-outside elementor-widget elementor-widget-image-carousel\" data-id=\"5184b6c\" data-element_type=\"widget\" data-settings=\"{&quot;slides_to_show&quot;:&quot;5&quot;,&quot;navigation&quot;:&quot;both&quot;,&quot;autoplay&quot;:&quot;yes&quot;,&quot;pause_on_hover&quot;:&quot;yes&quot;,&quot;pause_on_interaction&quot;:&quot;yes&quot;,&quot;autoplay_speed&quot;:5000,&quot;infinite&quot;:&quot;yes&quot;,&quot;speed&quot;:500}\" data-widget_type=\"image-carousel.default\">\n\t\t\t\t\t\t\t<div class=\"elementor-image-carousel-wrapper swiper\" role=\"region\" aria-roledescription=\"carousel\" aria-label=\"Carrusel de im\u00e1genes\" dir=\"ltr\">\n\t\t\t<div class=\"elementor-image-carousel swiper-wrapper\" aria-live=\"off\">\n\t\t\t\t\t\t\t\t<div class=\"swiper-slide\" role=\"group\" aria-roledescription=\"slide\" aria-label=\"1 de 10\"><figure class=\"swiper-slide-inner\"><img decoding=\"async\" class=\"swiper-slide-image\" src=\"https:\/\/empresa.imopac.cl\/wp\/wp-content\/uploads\/2025\/02\/Imopac-223-219x146.jpg\" alt=\"Imopac-223\" \/><\/figure><\/div><div class=\"swiper-slide\" role=\"group\" aria-roledescription=\"slide\" aria-label=\"2 de 10\"><figure class=\"swiper-slide-inner\"><img decoding=\"async\" class=\"swiper-slide-image\" src=\"https:\/\/empresa.imopac.cl\/wp\/wp-content\/uploads\/2025\/02\/Imopac-132-219x146.jpg\" alt=\"Imopac-132\" \/><\/figure><\/div><div class=\"swiper-slide\" role=\"group\" aria-roledescription=\"slide\" aria-label=\"3 de 10\"><figure class=\"swiper-slide-inner\"><img decoding=\"async\" class=\"swiper-slide-image\" src=\"https:\/\/empresa.imopac.cl\/wp\/wp-content\/uploads\/2025\/02\/Imopac-108-219x146.jpg\" alt=\"Imopac-108\" \/><\/figure><\/div><div class=\"swiper-slide\" role=\"group\" aria-roledescription=\"slide\" aria-label=\"4 de 10\"><figure class=\"swiper-slide-inner\"><img decoding=\"async\" class=\"swiper-slide-image\" src=\"https:\/\/empresa.imopac.cl\/wp\/wp-content\/uploads\/2025\/02\/Imopac-041-219x146.jpg\" alt=\"Imopac-041\" \/><\/figure><\/div><div class=\"swiper-slide\" role=\"group\" aria-roledescription=\"slide\" aria-label=\"5 de 10\"><figure class=\"swiper-slide-inner\"><img decoding=\"async\" class=\"swiper-slide-image\" src=\"https:\/\/empresa.imopac.cl\/wp\/wp-content\/uploads\/2025\/02\/Imopac-086-219x146.jpg\" alt=\"Imopac-086\" \/><\/figure><\/div><div class=\"swiper-slide\" role=\"group\" aria-roledescription=\"slide\" aria-label=\"6 de 10\"><figure class=\"swiper-slide-inner\"><img decoding=\"async\" class=\"swiper-slide-image\" src=\"https:\/\/empresa.imopac.cl\/wp\/wp-content\/uploads\/2025\/02\/Imopac-004-219x146.jpg\" alt=\"Imopac-004\" \/><\/figure><\/div><div class=\"swiper-slide\" role=\"group\" aria-roledescription=\"slide\" aria-label=\"7 de 10\"><figure class=\"swiper-slide-inner\"><img decoding=\"async\" class=\"swiper-slide-image\" src=\"https:\/\/empresa.imopac.cl\/wp\/wp-content\/uploads\/2025\/02\/Imopac-776-1-219x146.jpg\" alt=\"Imopac-776\" \/><\/figure><\/div><div class=\"swiper-slide\" role=\"group\" aria-roledescription=\"slide\" aria-label=\"8 de 10\"><figure class=\"swiper-slide-inner\"><img decoding=\"async\" class=\"swiper-slide-image\" src=\"https:\/\/empresa.imopac.cl\/wp\/wp-content\/uploads\/2025\/02\/Imopac-799-1-219x146.jpg\" alt=\"Imopac-799\" \/><\/figure><\/div><div class=\"swiper-slide\" role=\"group\" aria-roledescription=\"slide\" aria-label=\"9 de 10\"><figure class=\"swiper-slide-inner\"><img decoding=\"async\" class=\"swiper-slide-image\" src=\"https:\/\/empresa.imopac.cl\/wp\/wp-content\/uploads\/2025\/02\/Imopac-751-219x146.jpg\" alt=\"Imopac-751\" \/><\/figure><\/div><div class=\"swiper-slide\" role=\"group\" aria-roledescription=\"slide\" aria-label=\"10 de 10\"><figure class=\"swiper-slide-inner\"><img decoding=\"async\" class=\"swiper-slide-image\" src=\"https:\/\/empresa.imopac.cl\/wp\/wp-content\/uploads\/2025\/02\/Imopac-853-219x146.jpg\" alt=\"Imopac-853\" \/><\/figure><\/div>\t\t\t<\/div>\n\t\t\t\t\t\t\t\t\t\t\t\t<div class=\"elementor-swiper-button elementor-swiper-button-prev\" role=\"button\" tabindex=\"0\">\n\t\t\t\t\t\t<i aria-hidden=\"true\" class=\"eicon-chevron-left\"><\/i>\t\t\t\t\t<\/div>\n\t\t\t\t\t<div class=\"elementor-swiper-button elementor-swiper-button-next\" role=\"button\" tabindex=\"0\">\n\t\t\t\t\t\t<i aria-hidden=\"true\" class=\"eicon-chevron-right\"><\/i>\t\t\t\t\t<\/div>\n\t\t\t\t\n\t\t\t\t\t\t\t\t\t<div class=\"swiper-pagination\"><\/div>\n\t\t\t\t\t\t\t\t\t<\/div>\n\t\t\t\t\t\t<\/div>\n\t\t\t\t<div class=\"elementor-element elementor-element-472fd34 elementor-widget elementor-widget-spacer\" data-id=\"472fd34\" data-element_type=\"widget\" data-widget_type=\"spacer.default\">\n\t\t\t\t\t\t\t<div class=\"elementor-spacer\">\n\t\t\t<div class=\"elementor-spacer-inner\"><\/div>\n\t\t<\/div>\n\t\t\t\t\t\t<\/div>\n\t\t\t\t\t<\/div>\n\t\t<\/div>\n\t\t\t\t\t<\/div>\n\t\t<\/section>\n\t\t\t\t<\/div>\n\t\t","protected":false},"excerpt":{"rendered":"<p>En IMOPAC la igualdad, diversidad e inclusi\u00f3n son parte de nuestra cultura corporativa, que en base al principio del respeto por la dignidad inherente al ser<span class=\"excerpt-hellip\"> [\u2026]<\/span><\/p>\n","protected":false},"author":2,"featured_media":0,"parent":0,"menu_order":0,"comment_status":"closed","ping_status":"closed","template":"","meta":{"footnotes":""},"class_list":["post-1952","page","type-page","status-publish","hentry"],"_links":{"self":[{"href":"https:\/\/empresa.imopac.cl\/wp\/wp-json\/wp\/v2\/pages\/1952","targetHints":{"allow":["GET"]}}],"collection":[{"href":"https:\/\/empresa.imopac.cl\/wp\/wp-json\/wp\/v2\/pages"}],"about":[{"href":"https:\/\/empresa.imopac.cl\/wp\/wp-json\/wp\/v2\/types\/page"}],"author":[{"embeddable":true,"href":"https:\/\/empresa.imopac.cl\/wp\/wp-json\/wp\/v2\/users\/2"}],"replies":[{"embeddable":true,"href":"https:\/\/empresa.imopac.cl\/wp\/wp-json\/wp\/v2\/comments?post=1952"}],"version-history":[{"count":28,"href":"https:\/\/empresa.imopac.cl\/wp\/wp-json\/wp\/v2\/pages\/1952\/revisions"}],"predecessor-version":[{"id":1982,"href":"https:\/\/empresa.imopac.cl\/wp\/wp-json\/wp\/v2\/pages\/1952\/revisions\/1982"}],"wp:attachment":[{"href":"https:\/\/empresa.imopac.cl\/wp\/wp-json\/wp\/v2\/media?parent=1952"}],"curies":[{"name":"wp","href":"https:\/\/api.w.org\/{rel}","templated":true}]}}